{"id":323,"date":"2022-08-30T09:43:08","date_gmt":"2022-08-30T09:43:08","guid":{"rendered":"https:\/\/die-pension-auw.de\/datenschutz"},"modified":"2026-03-12T08:52:46","modified_gmt":"2026-03-12T08:52:46","slug":"proteccion-de-datos","status":"publish","type":"page","link":"https:\/\/die-pension-auw.de\/es\/proteccion-de-datos","title":{"rendered":"Protecci\u00f3n de datos"},"content":{"rendered":"\n<ol class=\"wp-block-list\">\n<li><strong>Protecci\u00f3n de datos, responsable del tratamiento y encargado de la protecci\u00f3n de datos<\/strong><\/li>\n<\/ol>\n\n<p>A continuaci\u00f3n le informamos sobre la recogida de datos personales al utilizar nuestro sitio web. Los datos personales son todos los datos que pueden relacionarse con usted personalmente, como nombre, direcci\u00f3n, direcciones de correo electr\u00f3nico, n\u00famero de tel\u00e9fono, comportamiento del usuario. <\/p>\n\n<p>El responsable del tratamiento de sus datos personales a trav\u00e9s de este sitio web es<\/p>\n\n<p>Die Pension Auw<br\/>Propietaria: Nicola Hieber<br\/>M\u00fchlenweg 8, D-54597 Auw bei Pr\u00fcm<br\/>Tel.: +49 (0) 151 15898814<br\/>E-Mail: <a href=\"mailto:info@die-pension-auw.de\" data-type=\"mailto\" data-id=\"mailto:info@die-pension-auw.de\">info@die-pension-auw.de<\/a><\/p>\n\n<p>Puede ponerse en contacto con nuestro responsable de protecci\u00f3n de datos en la direcci\u00f3n de correo electr\u00f3nico <a href=\"mailto:datenschutz@schneifel-media.de\" data-type=\"mailto\" data-id=\"mailto:datenschutz@schneifel-media.de\">datenschutz@die-pension-auw.de<\/a> o en nuestra direcci\u00f3n postal a\u00f1adiendo \u00abAttn: Data Protection Officer\u00bb.<\/p>\n\n<ol start=\"2\" class=\"wp-block-list\">\n<li><strong>Nota sobre la transferencia de datos a EE.UU.<\/strong><\/li>\n<\/ol>\n\n<p>Nuestro sitio web incluye herramientas y plugins de empresas con sede en EE.UU.. Si \u00e9stos est\u00e1n activos, sus datos personales pueden ser transferidos a los servidores estadounidenses de las respectivas empresas. Nos gustar\u00eda se\u00f1alar que EE.UU. no es un tercer pa\u00eds seguro en el sentido de la ley de protecci\u00f3n de datos de la UE. Las empresas estadounidenses est\u00e1n obligadas a revelar datos personales a las autoridades de seguridad sin que usted, como interesado, pueda emprender acciones legales al respecto. Por tanto, no puede descartarse que las autoridades estadounidenses (por ejemplo, los servicios secretos) procesen, analicen y almacenen permanentemente sus datos en servidores estadounidenses con fines de vigilancia. No tenemos ninguna influencia sobre este tratamiento.     <\/p>\n\n<ol start=\"3\" class=\"wp-block-list\">\n<li><strong>Datos personales<\/strong><\/li>\n<\/ol>\n\n<p>(a) Cuando utiliza el sitio web \u00fanicamente con fines informativos, es decir, si no se registra ni nos facilita informaci\u00f3n de otro tipo, solo recopilamos los datos personales que su navegador transmite a nuestro servidor. Si desea ver nuestro sitio web, recopilamos los siguientes datos, que son t\u00e9cnicamente necesarios para mostrarle nuestro sitio web y para garantizar la estabilidad y la seguridad (la base jur\u00eddica es el art\u00edculo 6 (1) frase 1 lit. f RGPD):<br\/><br\/> <\/p>\n\n<ul class=\"wp-block-list\">\n<li>Direcci\u00f3n IP<\/li>\n\n\n\n<li>Fecha y hora de la consulta<\/li>\n\n\n\n<li>Diferencia horaria con el meridiano de Greenwich (GMT)<\/li>\n\n\n\n<li>Contenido de la solicitud (p\u00e1gina espec\u00edfica)<\/li>\n\n\n\n<li>Estado de acceso\/C\u00f3digo de estado HTTP<\/li>\n\n\n\n<li>Cantidad de datos transferidos en cada caso<\/li>\n\n\n\n<li>Sitio web del que procede la solicitud<\/li>\n\n\n\n<li>Navegador<\/li>\n\n\n\n<li>Sistema operativo y su interfaz<\/li>\n\n\n\n<li>Idioma y versi\u00f3n del software del navegador.<\/li>\n<\/ul>\n\n<p>La informaci\u00f3n de los archivos de registro se almacena por motivos de seguridad (por ejemplo, para investigar usos indebidos o fraudes) durante un m\u00e1ximo de 7 d\u00edas y, a continuaci\u00f3n, se elimina. Los datos cuyo almacenamiento ulterior sea necesario con fines probatorios no se suprimir\u00e1n hasta que se haya aclarado definitivamente el incidente correspondiente. La base jur\u00eddica es el art\u00edculo 6, apartado 1, letra f) del RGPD.   <\/p>\n\n<p>(b) Adem\u00e1s, los datos personales s\u00f3lo son recogidos por nosotros si y en la medida en que usted mismo los facilite, por ejemplo, al ponerse en contacto con nosotros o al presentar una solicitud. Tratamos estos datos de forma confidencial y s\u00f3lo los utilizamos para el motivo y la finalidad originales de la transmisi\u00f3n, regularmente para tramitar y gestionar su consulta. En principio, los datos no se transmitir\u00e1n a terceros a menos que as\u00ed lo exija o permita la ley, usted nos haya dado su consentimiento o exista una orden oficial para hacerlo. Si su consulta va dirigida a una de las empresas de nuestro grupo, naturalmente la transmitiremos a dicha empresa. Si se pone en contacto con nosotros por correo electr\u00f3nico, su mensaje se almacenar\u00e1 en nuestro sistema de correo. Podemos almacenar su consulta y los datos asociados en nuestro sistema CRM. Los mensajes de correo electr\u00f3nico no se almacenan con cifrado de contenido. Nuestro formulario de contacto se transporta cifrado mediante SSL\/TLS, que puede reconocer por el \u00abhttps\u00bb delante de la URL. Nuestro servidor de correo tambi\u00e9n es compatible con los protocolos comunes de cifrado de transporte. La base jur\u00eddica para ello es el art\u00edculo 6, apartado 1, letra b) del RGPD.          <\/p>\n\n<ol start=\"4\" class=\"wp-block-list\">\n<li><strong>Google Analytics<\/strong><\/li>\n<\/ol>\n\n<p>Este sitio web utiliza funciones del servicio de an\u00e1lisis web Google Analytics. El proveedor es Google Ireland Limited (\u00abGoogle\u00bb), Gordon House, Barrow Street, Dubl\u00edn 4, Irlanda. <\/p>\n\n<p>Google Analytics permite al operador del sitio web analizar el comportamiento de los visitantes del sitio web. Para ello, el operador del sitio web recibe diversos datos de uso, como p\u00e1ginas vistas, duraci\u00f3n de la visita, sistemas operativos utilizados y origen del usuario. Estos datos pueden ser resumidos por Google en un perfil que se asigna al usuario respectivo o a su dispositivo final. Google Analytics utiliza tecnolog\u00edas que permiten reconocer al usuario con el fin de analizar su comportamiento (por ejemplo, cookies o huellas dactilares del dispositivo). La informaci\u00f3n recopilada por Google sobre el uso de este sitio web se transmite generalmente a un servidor de Google en EE.UU. y se almacena all\u00ed.    <\/p>\n\n<p>Esta herramienta de an\u00e1lisis se utiliza sobre la base del art\u00edculo 6, apartado 1, letra f) del RGPD. El operador del sitio web tiene un inter\u00e9s leg\u00edtimo en analizar el comportamiento de los usuarios para optimizar tanto su sitio web como su publicidad. Si se ha solicitado el correspondiente consentimiento (por ejemplo, consentimiento para el almacenamiento de cookies), el tratamiento se lleva a cabo exclusivamente sobre la base del art\u00edculo 6, apartado 1, letra a) del RGPD; el consentimiento puede revocarse en cualquier momento.    <\/p>\n\n<p>La transferencia de datos a Estados Unidos se basa en las cl\u00e1usulas contractuales tipo de la Comisi\u00f3n Europea.<\/p>\n\n<p>Encontrar\u00e1 m\u00e1s informaci\u00f3n aqu\u00ed: <a href=\"https:\/\/privacy.google.com\/businesses\/controllerterms\/mccs\/\" target=\"_blank\" rel=\"noopener\">https:\/\/privacy.google.com\/businesses\/controllerterms\/mccs\/<\/a>.<\/p>\n\n<p><strong>Anonimizaci\u00f3n de IP<\/strong><\/p>\n\n<p>Hemos activado la funci\u00f3n de anonimizaci\u00f3n de IP en este sitio web. Esto significa que su direcci\u00f3n IP ser\u00e1 truncada por Google dentro de los estados miembros de la Uni\u00f3n Europea o en otros estados signatarios del Acuerdo sobre el Espacio Econ\u00f3mico Europeo antes de ser transmitida a los EE.UU.. S\u00f3lo en casos excepcionales se transmitir\u00e1 la direcci\u00f3n IP completa a un servidor de Google en EE.UU. y se truncar\u00e1 all\u00ed. Por encargo del operador de este sitio web, Google utilizar\u00e1 esta informaci\u00f3n para analizar su uso del sitio web, recopilar informes sobre la actividad del sitio web y prestar al operador del sitio web otros servicios relacionados con la actividad del sitio web y el uso de Internet. La direcci\u00f3n IP transmitida por su navegador como parte de Google Analytics no se fusionar\u00e1 con otros datos de Google.    <\/p>\n\n<p><strong>Plugin del navegador<\/strong><\/p>\n\n<p>Puede evitar que Google recopile y procese sus datos descargando e instalando el complemento del navegador disponible en el siguiente enlace: https:\/\/tools.google.com\/dlpage\/gaoptout?hl=es.<\/p>\n\n<p>Puede encontrar m\u00e1s informaci\u00f3n sobre c\u00f3mo Google Analytics trata los datos de los usuarios en la pol\u00edtica de privacidad de Google: <a href=\"https:\/\/support.google.com\/analytics\/answer\/6004245?hl=de\" target=\"_blank\" rel=\"noopener\">https:\/\/support.google.com\/analytics\/answer\/6004245?hl=es<\/a>.<\/p>\n\n<p><strong>Procesamiento de pedidos<\/strong><\/p>\n\n<p>Hemos suscrito un contrato de procesamiento de pedidos con Google y aplicamos plenamente los estrictos requisitos de las autoridades alemanas de protecci\u00f3n de datos cuando utilizamos Google Analytics.<\/p>\n\n<p><strong>Caracter\u00edsticas demogr\u00e1ficas en Google Analytics<\/strong><\/p>\n\n<p>Este sitio web utiliza la funci\u00f3n \u00abcaracter\u00edsticas demogr\u00e1ficas\u00bb de Google Analytics para poder mostrar anuncios adecuados a los visitantes del sitio web dentro de la red publicitaria de Google. Esto permite generar informes que contienen declaraciones sobre la edad, el sexo y los intereses de los visitantes del sitio. Estos datos proceden de la publicidad basada en intereses de Google y de datos de visitantes de terceros proveedores. Estos datos no pueden asignarse a una persona concreta. Puede desactivar esta funci\u00f3n en cualquier momento a trav\u00e9s de la configuraci\u00f3n de anuncios de su cuenta de Google o, en general, prohibir la recopilaci\u00f3n de sus datos por parte de Google Analytics, tal y como se describe en la secci\u00f3n \u00abObjeci\u00f3n a la recopilaci\u00f3n de datos\u00bb.    <\/p>\n\n<ol start=\"5\" class=\"wp-block-list\">\n<li><strong>Alojamiento con Ionos<\/strong><\/li>\n<\/ol>\n\n<p>Alojamos nuestro sitio web con Ionos. El proveedor es Ionos SE by 11, parte de la sociedad cotizada United Internet AG, con domicilio social en Elgendorfer Str. 57, 56410 Montabaur (en lo sucesivo: Ionos). Cuando visita nuestro sitio web, sus datos personales se procesan en los servidores de Ionos. Los datos personales tambi\u00e9n pueden transmitirse a la empresa matriz de Ionos. La transferencia de datos se basa en las cl\u00e1usulas contractuales tipo de la UE. Los detalles pueden encontrarse aqu\u00ed: <a href=\"https:\/\/www.ionos.de\/terms-gtc\/terms-privacy\" target=\"_blank\" rel=\"noopener\">https:\/\/www.ionos.de\/terms-gtc\/terms-privacy<\/a>     <\/p>\n\n<ol start=\"6\" class=\"wp-block-list\">\n<li><strong>Redes sociales<\/strong><\/li>\n<\/ol>\n\n<p>La base jur\u00eddica para este tratamiento de sus datos personales es nuestro inter\u00e9s leg\u00edtimo en comunicarnos con nuestras partes interesadas y clientes, as\u00ed como analizar y seguir desarrollando servicios y productos y mejorar los procesos empresariales (art\u00edculo 6, apartado 1, letra f) del RGPD). El contacto directo con el cliente tambi\u00e9n tiene lugar a trav\u00e9s de nuestro soporte de medios sociales, por lo que el tratamiento se basa en nuestra relaci\u00f3n contractual o medidas precontractuales con las partes interesadas (art\u00edculo 6, apartado 1, letra b) del RGPD). <\/p>\n\n<p><em>M\u00e1s informaci\u00f3n en las plataformas de medios sociales:<\/em><\/p>\n\n<p><strong>Facebook e Instagram<\/strong>: Facebook Ireland Ltd., 4 Grand Canal Square, Grand Canal Harbour, Dubl\u00edn 2, Irlanda<\/p>\n\n<p>Somos corresponsables con Facebook del tratamiento de los datos de Insights en la p\u00e1gina de fans de Facebook. El acuerdo correspondiente de conformidad con el art\u00edculo 26 del GDPR puede consultarse aqu\u00ed: <br\/><a href=\"https:\/\/www.facebook.com\/legal\/terms\/page_controller_addendum\" target=\"_blank\" rel=\"noopener\">https:\/\/www.facebook.com\/legal\/terms\/page_controller_addendum<\/a>. Encontrar\u00e1 m\u00e1s informaci\u00f3n sobre Page Insights en <br\/><a href=\"https:\/\/www.facebook.com\/legal\/terms\/information_about_page_insights_data\" target=\"_blank\" rel=\"noopener\">https:\/\/www.facebook.com\/legal\/terms\/information_about_page_insights_data<\/a>.<\/p>\n\n<p>El uso general de Facebook es responsabilidad tuya. Encontrar\u00e1 la informaci\u00f3n sobre protecci\u00f3n de datos de Facebook directamente en nuestra p\u00e1gina de fans de Facebook. <\/p>\n\n<p>Puedes modificar y oponerte a tus deseos relativos a la publicidad personalizada de Facebook en cualquier momento en tu configuraci\u00f3n de Facebook.<\/p>\n\n<p><strong>YouTube:<\/strong> Google LLC, 1600 Amphitheatre Parkway, Mountain View, CA 94043, EE.UU.<\/p>\n\n<p>Encontrar\u00e1 m\u00e1s informaci\u00f3n sobre la protecci\u00f3n de datos y los datos personales recopilados por Google\/YouTube durante la integraci\u00f3n en la siguiente pol\u00edtica de privacidad: <a href=\"https:\/\/www.google.com\/policies\/privacy\/\" target=\"_blank\" rel=\"noopener\">https:\/\/www.google.com\/policies\/privacy\/<\/a><\/p>\n\n<p>Tambi\u00e9n es posible la exclusi\u00f3n voluntaria: <a href=\"https:\/\/adssettings.google.com\/authenticated\" target=\"_blank\" rel=\"noopener\">https:\/\/adssettings.google.com\/authenticated<\/a><\/p>\n\n<ol start=\"7\" class=\"wp-block-list\">\n<li><strong>Contenido de v\u00eddeo<\/strong><\/li>\n<\/ol>\n\n<p><strong>Youtube y Vimeo<\/strong><\/p>\n\n<p>Incrustamos v\u00eddeos en nuestro sitio web. El contenido de estos v\u00eddeos se almacena directamente en las plataformas y se incrusta en nuestro sitio. Si accede a un v\u00eddeo de este tipo, se le comunicar\u00e1 la direcci\u00f3n IP, informaci\u00f3n t\u00e9cnica como el navegador, el sistema operativo y la informaci\u00f3n b\u00e1sica del dispositivo, as\u00ed como el sitio web que ha visitado. Tambi\u00e9n hemos incrustado los v\u00eddeos de YouTube en \u00abmodo de protecci\u00f3n de datos ampliada\u00bb respetuoso con la privacidad.   <\/p>\n\n<p>Los datos personales s\u00f3lo se transfieren cuando usted accede a un v\u00eddeo. S\u00f3lo entonces se establece una conexi\u00f3n de servidor con YouTube y Vimeo y se instala la cookie correspondiente, que se utiliza para guardar su configuraci\u00f3n. Cuando accede a los v\u00eddeos, abandona nuestra \u00e1rea y entra en las plataformas externas de YouTube y Vimeo, que est\u00e1n fuera de nuestro \u00e1mbito de influencia.  <\/p>\n\n<p>Se le volver\u00e1 a informar antes de que acceda a un v\u00eddeo. Si tiene una cuenta con el proveedor del servicio de v\u00eddeo, es posible que \u00e9ste pueda identificarle. Puedes evitarlo cerrando la sesi\u00f3n de tu cuenta antes de reproducir un v\u00eddeo.  <\/p>\n\n<p>La base legal para la activaci\u00f3n de estos v\u00eddeos es su consentimiento de conformidad con el art\u00edculo 6, apartado 1, letra a) del RGPD, que est\u00e1 relacionado con su consentimiento para el uso de cookies. <\/p>\n\n<p><strong>Proveedor de la plataforma YouTube<\/strong> Google Ireland Limited, Gordon House, Barrow Street, Dubl\u00edn 4, Irlanda. Encontrar\u00e1 m\u00e1s informaci\u00f3n sobre la protecci\u00f3n de datos en Google\/YouTube aqu\u00ed: https:\/\/www.google.com\/policies\/privacy\/. Aqu\u00ed es posible una inhabilitaci\u00f3n general para publicidad: <br\/><a href=\"https:\/\/adssettings.google.com\/authenticated\" target=\"_blank\" rel=\"noopener\">https:\/\/adssettings.google.com\/authenticated<\/a>.<\/p>\n\n<p><strong>Proveedor de la plataforma Vimeo<\/strong> Vimeo, LLC, 555 West 18th Street, Nueva York, NY 10011, Estados Unidos. Encontrar\u00e1 m\u00e1s informaci\u00f3n sobre la protecci\u00f3n de datos en Vimeo aqu\u00ed: https:\/\/livestream.com\/legal\/cookie-preferences. <\/p>\n\n<ol start=\"8\" class=\"wp-block-list\">\n<li><strong>Sus derechos<\/strong><\/li>\n<\/ol>\n\n<p>(1) Derecho de informaci\u00f3n: de conformidad con el art\u00edculo 15 del RGPD, tiene derecho a recibir informaci\u00f3n en cualquier momento sobre si procesamos sus datos personales. Si este es el caso, esto da lugar a m\u00e1s obligaciones de informaci\u00f3n por nuestra parte. <\/p>\n\n<p>(2) Derecho de rectificaci\u00f3n: Adem\u00e1s, tiene derecho a la rectificaci\u00f3n de los datos de conformidad con el art\u00edculo 16 del RGPD, a la supresi\u00f3n de los datos de conformidad con el art\u00edculo 17 del RGPD y a la restricci\u00f3n del tratamiento de los datos de conformidad con el art\u00edculo 18 del RGPD, siempre que esto no entre en conflicto con ning\u00fan otro requisito legal.<\/p>\n\n<p>(3) Derecho de supresi\u00f3n: Por supuesto, puede revocar su consentimiento para el tratamiento de datos de conformidad con el art\u00edculo 6, apartado 1, letra a), o el art\u00edculo 9, apartado 2, letra a), del RGPD en cualquier momento y sin indicar los motivos. Esto no afecta a la legalidad del tratamiento hasta la revocaci\u00f3n.   <\/p>\n\n<p>(4) Derecho a la restricci\u00f3n del procesamiento: En los siguientes casos, puede ponerse en contacto con nosotros en relaci\u00f3n con una restricci\u00f3n del procesamiento de conformidad con el art\u00edculo 18 del RGPD:<\/p>\n\n<ul class=\"wp-block-list\">\n<li>Ha impugnado la exactitud de los datos y no debemos seguir utiliz\u00e1ndolos mientras tanto hasta la revisi\u00f3n final<\/li>\n\n\n\n<li>El tratamiento es il\u00edcito, pero usted no desea que se supriman los datos, sino que se restrinja.<\/li>\n\n\n\n<li>Ya no necesitamos los datos y los suprimir\u00edamos, pero usted los sigue necesitando para la formulaci\u00f3n, el ejercicio o la defensa de reclamaciones legales.<\/li>\n\n\n\n<li>Ha presentado una objeci\u00f3n al tratamiento de datos, pero a\u00fan se est\u00e1 examinando.<\/li>\n<\/ul>\n\n<p>En caso de restricci\u00f3n, nos aseguramos de que los datos personales no puedan seguir siendo tratados o modificados por nosotros. Si la restricci\u00f3n del tratamiento se ha restringido de conformidad con las condiciones anteriores, el responsable del tratamiento le informar\u00e1 antes de que se levante la restricci\u00f3n. <\/p>\n\n<p>(5) Derecho a la portabilidad de los datos: Usted tiene derecho a recibir los datos personales que le conciernen, que nos haya facilitado, en un formato estructurado, de uso com\u00fan y lectura mec\u00e1nica y, en su caso, a transmitir dichos datos a un tercero. El derecho a la portabilidad de los datos no se aplica al tratamiento de datos personales necesario para el cumplimiento de una misi\u00f3n realizada en inter\u00e9s p\u00fablico o en el ejercicio de poderes p\u00fablicos conferidos al responsable del tratamiento de conformidad con el art\u00edculo 20 del RGPD. <\/p>\n\n<p>(6) Derecho de oposici\u00f3n: Adem\u00e1s, tiene derecho a oponerse al tratamiento de datos de conformidad con el art\u00edculo 21 del RGPD, en particular en el caso del tratamiento basado en el art\u00edculo 6, apartado 1, letras e) o f) del RGPD. Al ejercer dicha objeci\u00f3n, le pedimos que explique las razones por las que no debemos tratar sus datos personales como lo hemos hecho. En caso de que su objeci\u00f3n est\u00e9 justificada, examinaremos la situaci\u00f3n y suspenderemos o adaptaremos el tratamiento de datos o le indicaremos nuestras razones imperiosas dignas de protecci\u00f3n sobre cuya base continuaremos el tratamiento.   <\/p>\n\n<p>(7) Derecho a presentar una reclamaci\u00f3n: Tambi\u00e9n tiene derecho a presentar una reclamaci\u00f3n ante la autoridad de control responsable de usted, que puede encontrar aqu\u00ed (<a href=\"https:\/\/www.bfdi.bund.de\/DE\/Infothek\/Anschriften_Links\/anschriften_links-node.html\" target=\"_blank\" rel=\"noopener\">https:\/\/www.bfdi.bund.de\/DE\/Infothek\/Anschriften_Links\/anschriften_links-node.html<\/a>). En nuestro caso, el punto de contacto adecuado es el Comisionado Estatal de Protecci\u00f3n de Datos y Libertad de Informaci\u00f3n de Renania-Palatinado (LfDI RLP), Postfach 30 40, 55020 Mainz, Alemania. <\/p>\n\n<p><\/p>\n\n<p><strong>Nota sobre la elaboraci\u00f3n<\/strong><\/p>\n\n<p>Esta declaraci\u00f3n de protecci\u00f3n de datos ha sido elaborada con el apoyo de la DGD Deutsche Gesellschaft f\u00fcr Datenschutz EOOD (Sociedad Alemana para la Protecci\u00f3n de Datos) &#8211; Web: <a href=\"https:\/\/dg-datenschutz.de\/\" target=\"_blank\" rel=\"noopener\">https:\/\/dg-datenschutz.de<\/a> &#8211; Correo electr\u00f3nico: <a href=\"mailto:info@dg-datenschutz.de\">info@dg-datenschutz.de<\/a>, que act\u00faa como <a href=\"https:\/\/dg-datenschutz.de\/datenschutz-dienstleistungen\/externer-datenschutzbeauftragter\/\" target=\"_blank\" rel=\"noopener\">delegado externo de protecci\u00f3n de datos en Ingolstadt,<\/a> en colaboraci\u00f3n con el <a href=\"https:\/\/www.wbs-law.de\/it-recht\/datenschutzrecht\" target=\"_blank\" rel=\"noopener\">abogado especializado en derecho inform\u00e1tico y protecci\u00f3n de datos Christian Solmecke<\/a>, y ha sido parcialmente completada y ampliada.<\/p>\n\n<p>Estado: noviembre de 2021<\/p>\n","protected":false},"excerpt":{"rendered":"<p>A continuaci\u00f3n le informamos sobre la recogida de datos personales al utilizar nuestro sitio web. Los datos personales son todos los datos que pueden relacionarse con usted personalmente, como nombre, direcci\u00f3n, direcciones de correo electr\u00f3nico, n\u00famero de tel\u00e9fono, comportamiento del usuario. El responsable del tratamiento de sus datos personales a trav\u00e9s de este sitio web [&hellip;]<\/p>\n","protected":false},"author":1,"featured_media":0,"parent":0,"menu_order":0,"comment_status":"closed","ping_status":"closed","template":"","meta":{"_et_pb_use_builder":"off","_et_pb_old_content":"","_et_gb_content_width":"","footnotes":""},"class_list":["post-323","page","type-page","status-publish","hentry"],"_links":{"self":[{"href":"https:\/\/die-pension-auw.de\/es\/wp-json\/wp\/v2\/pages\/323","targetHints":{"allow":["GET"]}}],"collection":[{"href":"https:\/\/die-pension-auw.de\/es\/wp-json\/wp\/v2\/pages"}],"about":[{"href":"https:\/\/die-pension-auw.de\/es\/wp-json\/wp\/v2\/types\/page"}],"author":[{"embeddable":true,"href":"https:\/\/die-pension-auw.de\/es\/wp-json\/wp\/v2\/users\/1"}],"replies":[{"embeddable":true,"href":"https:\/\/die-pension-auw.de\/es\/wp-json\/wp\/v2\/comments?post=323"}],"version-history":[{"count":5,"href":"https:\/\/die-pension-auw.de\/es\/wp-json\/wp\/v2\/pages\/323\/revisions"}],"predecessor-version":[{"id":2146,"href":"https:\/\/die-pension-auw.de\/es\/wp-json\/wp\/v2\/pages\/323\/revisions\/2146"}],"wp:attachment":[{"href":"https:\/\/die-pension-auw.de\/es\/wp-json\/wp\/v2\/media?parent=323"}],"curies":[{"name":"wp","href":"https:\/\/api.w.org\/{rel}","templated":true}]}}